{"id":2085,"date":"2025-12-21T12:04:08","date_gmt":"2025-12-21T15:04:08","guid":{"rendered":"https:\/\/neodentcongress.com.br\/conviertase-en-expositor\/"},"modified":"2026-01-28T11:57:26","modified_gmt":"2026-01-28T14:57:26","slug":"conviertase-en-expositor","status":"publish","type":"page","link":"https:\/\/neodentcongress.com.br\/es\/conviertase-en-expositor\/","title":{"rendered":"Convi\u00e9rtase en expositor"},"content":{"rendered":"\t\t<div data-elementor-type=\"page\" data-elementor-id=\"2085\" class=\"elementor elementor-2085 elementor-240\" data-elementor-post-type=\"page\">\n\t\t\t\t<div class=\"elementor-element elementor-element-a532cc1 e-con-full e-flex e-con e-parent\" data-id=\"a532cc1\" data-element_type=\"container\" data-e-type=\"container\" data-settings=\"{&quot;background_background&quot;:&quot;classic&quot;,&quot;jet_parallax_layout_list&quot;:[]}\">\n\t\t<div class=\"elementor-element elementor-element-7671dd9 e-flex e-con-boxed e-con e-child\" data-id=\"7671dd9\" data-element_type=\"container\" data-e-type=\"container\" data-settings=\"{&quot;jet_parallax_layout_list&quot;:[]}\">\n\t\t\t\t\t<div class=\"e-con-inner\">\n\t\t<div class=\"elementor-element elementor-element-ad390cf e-con-full e-flex e-con e-child\" data-id=\"ad390cf\" data-element_type=\"container\" data-e-type=\"container\" data-settings=\"{&quot;background_background&quot;:&quot;classic&quot;,&quot;jet_parallax_layout_list&quot;:[]}\">\n\t\t\t\t<div class=\"elementor-element elementor-element-a37b02f elementor-widget elementor-widget-heading\" data-id=\"a37b02f\" data-element_type=\"widget\" data-e-type=\"widget\" data-widget_type=\"heading.default\">\n\t\t\t\t\t<h1 class=\"elementor-heading-title elementor-size-default\">FERIA COMERCIAL<\/h1>\t\t\t\t<\/div>\n\t\t\t\t<\/div>\n\t\t\t\t\t<\/div>\n\t\t\t\t<\/div>\n\t\t<div class=\"elementor-element elementor-element-633022d e-flex e-con-boxed e-con e-child\" data-id=\"633022d\" data-element_type=\"container\" data-e-type=\"container\" data-settings=\"{&quot;jet_parallax_layout_list&quot;:[]}\">\n\t\t\t\t\t<div class=\"e-con-inner\">\n\t\t\t\t<div class=\"elementor-element elementor-element-ffc6147 elementor-widget__width-initial elementor-widget elementor-widget-text-editor\" data-id=\"ffc6147\" data-element_type=\"widget\" data-e-type=\"widget\" data-widget_type=\"text-editor.default\">\n\t\t\t\t\t\t\t\t\t<p>Asegure su lugar en el Congreso Neodent y aumente la visibilidad de su marca entre los principales l\u00edderes, expertos y tomadores de decisiones de la industria.<\/p>\t\t\t\t\t\t\t\t<\/div>\n\t\t\t\t<div class=\"elementor-element elementor-element-c6aef95 elementor-align-left elementor-widget elementor-widget-button\" data-id=\"c6aef95\" data-element_type=\"widget\" data-e-type=\"widget\" data-widget_type=\"button.default\">\n\t\t\t\t\t\t\t\t\t\t<a class=\"elementor-button elementor-button-link elementor-size-sm elementor-animation-grow\" href=\"#saiba-mais\">\n\t\t\t\t\t\t<span class=\"elementor-button-content-wrapper\">\n\t\t\t\t\t\t\t\t\t<span class=\"elementor-button-text\">M\u00e1s informaci\u00f3n<\/span>\n\t\t\t\t\t<\/span>\n\t\t\t\t\t<\/a>\n\t\t\t\t\t\t\t\t<\/div>\n\t\t\t\t\t<\/div>\n\t\t\t\t<\/div>\n\t\t\t\t<\/div>\n\t\t<div class=\"elementor-element elementor-element-9e8e8a0 e-flex e-con-boxed e-con e-parent\" data-id=\"9e8e8a0\" data-element_type=\"container\" data-e-type=\"container\" id=\"saiba-mais\" data-settings=\"{&quot;jet_parallax_layout_list&quot;:[]}\">\n\t\t\t\t\t<div class=\"e-con-inner\">\n\t\t<div class=\"elementor-element elementor-element-68b6dc8 e-con-full e-flex e-con e-child\" data-id=\"68b6dc8\" data-element_type=\"container\" data-e-type=\"container\" data-settings=\"{&quot;jet_parallax_layout_list&quot;:[]}\">\n\t\t\t\t<div class=\"elementor-element elementor-element-7bb3fb1 elementor-widget elementor-widget-heading\" data-id=\"7bb3fb1\" data-element_type=\"widget\" data-e-type=\"widget\" data-widget_type=\"heading.default\">\n\t\t\t\t\t<h2 class=\"elementor-heading-title elementor-size-default\">HAGA SENTIR SU PRESENCIA ALL\u00cd DONDE EL MERCADO DENTAL <strong>DECIDE SU FUTURO.<\/strong><\/h2>\t\t\t\t<\/div>\n\t\t\t\t<div class=\"elementor-element elementor-element-c699c9a elementor-widget__width-initial elementor-widget elementor-widget-text-editor\" data-id=\"c699c9a\" data-element_type=\"widget\" data-e-type=\"widget\" data-widget_type=\"text-editor.default\">\n\t\t\t\t\t\t\t\t\t<p>Diversos profesionales de la odontolog\u00eda se reunir\u00e1n en un mismo lugar para compartir y adquirir conocimientos en un entorno ideal para conectar con importantes empresas globales.<br><br>La feria cuenta con la presencia de m\u00e1s de 20 empresas de diversos sectores, ofreciendo una experiencia \u00fanica a los participantes.<\/p>\t\t\t\t\t\t\t\t<\/div>\n\t\t\t\t<div class=\"elementor-element elementor-element-1cbf15c elementor-align-center elementor-widget elementor-widget-button\" data-id=\"1cbf15c\" data-element_type=\"widget\" data-e-type=\"widget\" data-widget_type=\"button.default\">\n\t\t\t\t\t\t\t\t\t\t<a class=\"elementor-button elementor-button-link elementor-size-sm elementor-animation-grow\" href=\"https:\/\/forms.gle\/KYW83PLbP8RWeMZB8\" target=\"_blank\">\n\t\t\t\t\t\t<span class=\"elementor-button-content-wrapper\">\n\t\t\t\t\t\t\t\t\t<span class=\"elementor-button-text\">Ponte en contacto con nosotros<\/span>\n\t\t\t\t\t<\/span>\n\t\t\t\t\t<\/a>\n\t\t\t\t\t\t\t\t<\/div>\n\t\t\t\t<\/div>\n\t\t<div class=\"elementor-element elementor-element-23e3213 e-con-full e-flex e-con e-child\" data-id=\"23e3213\" data-element_type=\"container\" data-e-type=\"container\" data-settings=\"{&quot;jet_parallax_layout_list&quot;:[]}\">\n\t\t\t\t<div class=\"elementor-element elementor-element-c1759c4 elementor-widget elementor-widget-image\" data-id=\"c1759c4\" data-element_type=\"widget\" data-e-type=\"widget\" data-widget_type=\"image.default\">\n\t\t\t\t\t\t\t\t\t\t\t\t\t\t\t<img fetchpriority=\"high\" decoding=\"async\" width=\"594\" height=\"806\" src=\"https:\/\/neodentcongress.com.br\/wp-content\/uploads\/2025\/12\/6625b1974f36a75a738e33ff8c76dcee.webp\" class=\"attachment-large size-large wp-image-264\" alt=\"\" srcset=\"https:\/\/neodentcongress.com.br\/wp-content\/uploads\/2025\/12\/6625b1974f36a75a738e33ff8c76dcee.webp 594w, https:\/\/neodentcongress.com.br\/wp-content\/uploads\/2025\/12\/6625b1974f36a75a738e33ff8c76dcee-221x300.webp 221w\" sizes=\"(max-width: 594px) 100vw, 594px\" \/>\t\t\t\t\t\t\t\t\t\t\t\t\t\t\t<\/div>\n\t\t\t\t<\/div>\n\t\t\t\t\t<\/div>\n\t\t\t\t<\/div>\n\t\t\t\t<\/div>\n\t\t","protected":false},"excerpt":{"rendered":"<p>FERIA COMERCIAL Asegure su lugar en el Congreso Neodent y aumente la visibilidad de su marca entre los principales l\u00edderes, expertos y tomadores de decisiones de la industria. M\u00e1s informaci\u00f3n HAGA SENTIR SU PRESENCIA ALL\u00cd DONDE EL MERCADO DENTAL DECIDE SU FUTURO. Diversos profesionales de la odontolog\u00eda se reunir\u00e1n en un mismo lugar para compartir [&hellip;]<\/p>\n","protected":false},"author":1,"featured_media":0,"parent":0,"menu_order":0,"comment_status":"closed","ping_status":"closed","template":"","meta":{"inline_featured_image":false,"footnotes":""},"class_list":["post-2085","page","type-page","status-publish","hentry"],"_links":{"self":[{"href":"https:\/\/neodentcongress.com.br\/es\/wp-json\/wp\/v2\/pages\/2085","targetHints":{"allow":["GET"]}}],"collection":[{"href":"https:\/\/neodentcongress.com.br\/es\/wp-json\/wp\/v2\/pages"}],"about":[{"href":"https:\/\/neodentcongress.com.br\/es\/wp-json\/wp\/v2\/types\/page"}],"author":[{"embeddable":true,"href":"https:\/\/neodentcongress.com.br\/es\/wp-json\/wp\/v2\/users\/1"}],"replies":[{"embeddable":true,"href":"https:\/\/neodentcongress.com.br\/es\/wp-json\/wp\/v2\/comments?post=2085"}],"version-history":[{"count":1,"href":"https:\/\/neodentcongress.com.br\/es\/wp-json\/wp\/v2\/pages\/2085\/revisions"}],"predecessor-version":[{"id":2088,"href":"https:\/\/neodentcongress.com.br\/es\/wp-json\/wp\/v2\/pages\/2085\/revisions\/2088"}],"wp:attachment":[{"href":"https:\/\/neodentcongress.com.br\/es\/wp-json\/wp\/v2\/media?parent=2085"}],"curies":[{"name":"wp","href":"https:\/\/api.w.org\/{rel}","templated":true}]}}