{"id":2094,"date":"2026-01-12T16:40:08","date_gmt":"2026-01-12T19:40:08","guid":{"rendered":"https:\/\/neodentcongress.com.br\/contacto\/"},"modified":"2026-02-09T18:06:41","modified_gmt":"2026-02-09T21:06:41","slug":"contacto","status":"publish","type":"page","link":"https:\/\/neodentcongress.com.br\/es\/contacto\/","title":{"rendered":"Contacto"},"content":{"rendered":"\t\t<div data-elementor-type=\"wp-page\" data-elementor-id=\"2094\" class=\"elementor elementor-2094 elementor-1144\" data-elementor-post-type=\"page\">\n\t\t\t\t<div class=\"elementor-element elementor-element-78c46bb e-con-full e-flex e-con e-parent\" data-id=\"78c46bb\" data-element_type=\"container\" data-e-type=\"container\" data-settings=\"{&quot;background_background&quot;:&quot;classic&quot;,&quot;jet_parallax_layout_list&quot;:[]}\">\n\t\t<div class=\"elementor-element elementor-element-dfc2b80 e-flex e-con-boxed e-con e-child\" data-id=\"dfc2b80\" data-element_type=\"container\" data-e-type=\"container\" data-settings=\"{&quot;jet_parallax_layout_list&quot;:[]}\">\n\t\t\t\t\t<div class=\"e-con-inner\">\n\t\t<div class=\"elementor-element elementor-element-b5382c2 e-con-full e-flex e-con e-child\" data-id=\"b5382c2\" data-element_type=\"container\" data-e-type=\"container\" data-settings=\"{&quot;background_background&quot;:&quot;classic&quot;,&quot;jet_parallax_layout_list&quot;:[]}\">\n\t\t\t\t<div class=\"elementor-element elementor-element-3850d2a elementor-widget elementor-widget-heading\" data-id=\"3850d2a\" data-element_type=\"widget\" data-e-type=\"widget\" data-widget_type=\"heading.default\">\n\t\t\t\t\t<h1 class=\"elementor-heading-title elementor-size-default\">CONT\u00c1CTENOS<\/h1>\t\t\t\t<\/div>\n\t\t\t\t<\/div>\n\t\t\t\t\t<\/div>\n\t\t\t\t<\/div>\n\t\t\t\t<\/div>\n\t\t<div class=\"elementor-element elementor-element-954c120 e-flex e-con-boxed e-con e-parent\" data-id=\"954c120\" data-element_type=\"container\" data-e-type=\"container\" data-settings=\"{&quot;jet_parallax_layout_list&quot;:[]}\">\n\t\t\t\t\t<div class=\"e-con-inner\">\n\t\t<div class=\"elementor-element elementor-element-7925b17 e-con-full e-flex e-con e-child\" data-id=\"7925b17\" data-element_type=\"container\" data-e-type=\"container\" data-settings=\"{&quot;jet_parallax_layout_list&quot;:[]}\">\n\t\t\t\t<div class=\"elementor-element elementor-element-e337761 elementor-widget elementor-widget-heading\" data-id=\"e337761\" data-element_type=\"widget\" data-e-type=\"widget\" data-widget_type=\"heading.default\">\n\t\t\t\t\t<h2 class=\"elementor-heading-title elementor-size-default\">\u00bfPREGUNTAS, COMENTARIOS, DUDAS?<\/h2>\t\t\t\t<\/div>\n\t\t\t\t<div class=\"elementor-element elementor-element-6af753e elementor-widget elementor-widget-text-editor\" data-id=\"6af753e\" data-element_type=\"widget\" data-e-type=\"widget\" data-widget_type=\"text-editor.default\">\n\t\t\t\t\t\t\t\t\t<p>Consulte nuestra p\u00e1gina de <strong><a href=\"https:\/\/neodentcongress.com.br\/es\/informacion\/\">Informaci\u00f3n<\/a><\/strong> para obtener contenidos como: informaci\u00f3n sobre Curitiba, alojamiento, traslados y visitas a la f\u00e1brica.<\/p><p>\u00bfQuieres promocionar tu negocio en el <strong>Congreso Neodent?<\/strong> Visita nuestra p\u00e1gina de <strong><a href=\"https:\/\/neodentcongress.com.br\/es\/conviertase-en-expositor\/\">Patrocinio.<\/a><\/strong><\/p><p>\u00bfA\u00fan no has encontrado lo que buscas? Estamos aqu\u00ed para ayudarle a responder sus preguntas. Llene el siguiente formulario y un representante del <strong>Congreso Neodent<\/strong> se pondr\u00e1 en contacto con usted.<\/p>\t\t\t\t\t\t\t\t<\/div>\n\t\t\t\t<div class=\"elementor-element elementor-element-967fcda elementor-widget elementor-widget-html\" data-id=\"967fcda\" data-element_type=\"widget\" data-e-type=\"widget\" data-widget_type=\"html.default\">\n\t\t\t\t\t<iframe src=\"https:\/\/survey.alchemer.com\/s3\/8661755\/58f728430066\" class=\"iframe_form\" border=\"none\"><\/iframe>\t\t\t\t<\/div>\n\t\t\t\t<\/div>\n\t\t<div class=\"elementor-element elementor-element-926642b e-con-full e-flex e-con e-child\" data-id=\"926642b\" data-element_type=\"container\" data-e-type=\"container\" data-settings=\"{&quot;jet_parallax_layout_list&quot;:[]}\">\n\t\t\t\t<div class=\"elementor-element elementor-element-7e9f515 elementor-widget elementor-widget-image\" data-id=\"7e9f515\" data-element_type=\"widget\" data-e-type=\"widget\" data-widget_type=\"image.default\">\n\t\t\t\t\t\t\t\t\t\t\t\t\t\t\t<img fetchpriority=\"high\" decoding=\"async\" width=\"594\" height=\"806\" src=\"https:\/\/neodentcongress.com.br\/wp-content\/uploads\/2025\/12\/6625b1974f36a75a738e33ff8c76dcee.webp\" class=\"attachment-large size-large wp-image-264\" alt=\"\" srcset=\"https:\/\/neodentcongress.com.br\/wp-content\/uploads\/2025\/12\/6625b1974f36a75a738e33ff8c76dcee.webp 594w, https:\/\/neodentcongress.com.br\/wp-content\/uploads\/2025\/12\/6625b1974f36a75a738e33ff8c76dcee-221x300.webp 221w\" sizes=\"(max-width: 594px) 100vw, 594px\" \/>\t\t\t\t\t\t\t\t\t\t\t\t\t\t\t<\/div>\n\t\t\t\t<\/div>\n\t\t\t\t\t<\/div>\n\t\t\t\t<\/div>\n\t\t\t\t<\/div>\n\t\t","protected":false},"excerpt":{"rendered":"<p>CONT\u00c1CTENOS \u00bfPREGUNTAS, COMENTARIOS, DUDAS? Consulte nuestra p\u00e1gina de Informaci\u00f3n para obtener contenidos como: informaci\u00f3n sobre Curitiba, alojamiento, traslados y visitas a la f\u00e1brica. \u00bfQuieres promocionar tu negocio en el Congreso Neodent? Visita nuestra p\u00e1gina de Patrocinio. \u00bfA\u00fan no has encontrado lo que buscas? Estamos aqu\u00ed para ayudarle a responder sus preguntas. Llene el siguiente formulario [&hellip;]<\/p>\n","protected":false},"author":1,"featured_media":0,"parent":0,"menu_order":0,"comment_status":"closed","ping_status":"closed","template":"","meta":{"inline_featured_image":false,"footnotes":""},"class_list":["post-2094","page","type-page","status-publish","hentry"],"_links":{"self":[{"href":"https:\/\/neodentcongress.com.br\/es\/wp-json\/wp\/v2\/pages\/2094","targetHints":{"allow":["GET"]}}],"collection":[{"href":"https:\/\/neodentcongress.com.br\/es\/wp-json\/wp\/v2\/pages"}],"about":[{"href":"https:\/\/neodentcongress.com.br\/es\/wp-json\/wp\/v2\/types\/page"}],"author":[{"embeddable":true,"href":"https:\/\/neodentcongress.com.br\/es\/wp-json\/wp\/v2\/users\/1"}],"replies":[{"embeddable":true,"href":"https:\/\/neodentcongress.com.br\/es\/wp-json\/wp\/v2\/comments?post=2094"}],"version-history":[{"count":4,"href":"https:\/\/neodentcongress.com.br\/es\/wp-json\/wp\/v2\/pages\/2094\/revisions"}],"predecessor-version":[{"id":2294,"href":"https:\/\/neodentcongress.com.br\/es\/wp-json\/wp\/v2\/pages\/2094\/revisions\/2294"}],"wp:attachment":[{"href":"https:\/\/neodentcongress.com.br\/es\/wp-json\/wp\/v2\/media?parent=2094"}],"curies":[{"name":"wp","href":"https:\/\/api.w.org\/{rel}","templated":true}]}}